{"id":58334,"date":"2025-09-03T11:03:38","date_gmt":"2025-09-03T09:03:38","guid":{"rendered":"https:\/\/ramsys.org\/?page_id=58334"},"modified":"2025-11-28T07:29:24","modified_gmt":"2025-11-28T06:29:24","slug":"imprint","status":"publish","type":"page","link":"https:\/\/ramsys.org\/en\/imprint\/","title":{"rendered":"Imprint"},"content":{"rendered":"<p>[et_pb_section fb_built=&#8221;1&#8243; _builder_version=&#8221;4.21.0&#8243; _module_preset=&#8221;default&#8221; background_color=&#8221;rgba(232,240,239,0.35)&#8221; global_colors_info=&#8221;{}&#8221;][et_pb_row _builder_version=&#8221;4.21.0&#8243; _module_preset=&#8221;default&#8221; global_colors_info=&#8221;{}&#8221;][et_pb_column type=&#8221;4_4&#8243; _builder_version=&#8221;4.21.0&#8243; _module_preset=&#8221;default&#8221; global_colors_info=&#8221;{}&#8221;][et_pb_text module_class=&#8221;common_htags mb10&#8243; _builder_version=&#8221;4.22.1&#8243; _module_preset=&#8221;default&#8221; global_colors_info=&#8221;{}&#8221;]<\/p>\n<h1>Imprint<\/h1>\n<p>[\/et_pb_text][\/et_pb_column][\/et_pb_row][\/et_pb_section][et_pb_section fb_built=&#8221;1&#8243; module_class=&#8221;pt0&#8243; _builder_version=&#8221;4.21.0&#8243; global_colors_info=&#8221;{}&#8221;][et_pb_row _builder_version=&#8221;4.16&#8243; global_colors_info=&#8221;{}&#8221;][et_pb_column type=&#8221;4_4&#8243; _builder_version=&#8221;4.16&#8243; custom_padding=&#8221;|||&#8221; global_colors_info=&#8221;{}&#8221; custom_padding__hover=&#8221;|||&#8221;][et_pb_text module_class=&#8221;fonts_20&#8243; _builder_version=&#8221;4.22.1&#8243; text_line_height=&#8221;1.6em&#8221; header_font=&#8221;|600|||||||&#8221; header_2_font=&#8221;|600|||||||&#8221; header_2_font_size=&#8221;21px&#8221; vertical_offset_tablet=&#8221;0&#8243; horizontal_offset_tablet=&#8221;0&#8243; hover_enabled=&#8221;0&#8243; z_index_tablet=&#8221;0&#8243; text_text_shadow_horizontal_length_tablet=&#8221;0px&#8221; text_text_shadow_vertical_length_tablet=&#8221;0px&#8221; text_text_shadow_blur_strength_tablet=&#8221;1px&#8221; link_text_shadow_horizontal_length_tablet=&#8221;0px&#8221; link_text_shadow_vertical_length_tablet=&#8221;0px&#8221; link_text_shadow_blur_strength_tablet=&#8221;1px&#8221; ul_text_shadow_horizontal_length_tablet=&#8221;0px&#8221; ul_text_shadow_vertical_length_tablet=&#8221;0px&#8221; ul_text_shadow_blur_strength_tablet=&#8221;1px&#8221; ol_text_shadow_horizontal_length_tablet=&#8221;0px&#8221; ol_text_shadow_vertical_length_tablet=&#8221;0px&#8221; ol_text_shadow_blur_strength_tablet=&#8221;1px&#8221; quote_text_shadow_horizontal_length_tablet=&#8221;0px&#8221; quote_text_shadow_vertical_length_tablet=&#8221;0px&#8221; quote_text_shadow_blur_strength_tablet=&#8221;1px&#8221; header_text_shadow_horizontal_length_tablet=&#8221;0px&#8221; header_text_shadow_vertical_length_tablet=&#8221;0px&#8221; header_text_shadow_blur_strength_tablet=&#8221;1px&#8221; header_2_text_shadow_horizontal_length_tablet=&#8221;0px&#8221; header_2_text_shadow_vertical_length_tablet=&#8221;0px&#8221; header_2_text_shadow_blur_strength_tablet=&#8221;1px&#8221; header_3_text_shadow_horizontal_length_tablet=&#8221;0px&#8221; header_3_text_shadow_vertical_length_tablet=&#8221;0px&#8221; header_3_text_shadow_blur_strength_tablet=&#8221;1px&#8221; header_4_text_shadow_horizontal_length_tablet=&#8221;0px&#8221; header_4_text_shadow_vertical_length_tablet=&#8221;0px&#8221; header_4_text_shadow_blur_strength_tablet=&#8221;1px&#8221; header_5_text_shadow_horizontal_length_tablet=&#8221;0px&#8221; header_5_text_shadow_vertical_length_tablet=&#8221;0px&#8221; header_5_text_shadow_blur_strength_tablet=&#8221;1px&#8221; header_6_text_shadow_horizontal_length_tablet=&#8221;0px&#8221; header_6_text_shadow_vertical_length_tablet=&#8221;0px&#8221; header_6_text_shadow_blur_strength_tablet=&#8221;1px&#8221; box_shadow_horizontal_tablet=&#8221;0px&#8221; box_shadow_vertical_tablet=&#8221;0px&#8221; box_shadow_blur_tablet=&#8221;40px&#8221; box_shadow_spread_tablet=&#8221;0px&#8221; global_colors_info=&#8221;{}&#8221; sticky_enabled=&#8221;0&#8243;]<\/p>\n<h2>\u00a0<\/h2>\n<h2>Imprint (according to German law, \u00a7 5 DDG)<\/h2>\n<p>RAMSYS GmbH<br \/>Hervester Stra\u00dfe 36<br \/>46286 Dorsten, Germany<\/p>\n<p><strong> Commercial Register<\/strong><\/p>\n<p>Register Number:  HRB 12110<br \/>Register Court: Local Court of Gelsenkirchen<\/p>\n<p><strong>Represented by:<\/strong><br \/>Malika Mast<\/p>\n<h2>Contact:<\/h2>\n<p>Phone: +49 (0) 2369 \/ 745 93 10<br \/>Fax: +49 (0) 2369 \/ 745 93 99<br \/>E-Mail: vertrieb@ramsys.org<\/p>\n<h2>VAT ID:<\/h2>\n<p>Value Added Tax Identification Number pursuant to \u00a7 27 a of the German VAT Act:<br \/>DE 138349283<\/p>\n<h2>Image and Graphic Credits:<\/h2>\n<p>https:\/\/stock.adobe.com\/<\/p>\n<p>\u00a9Ulrik Eichentopf, \u00a9Rolf Arno Specht, \u00a9doIT GmbH, \u00a9Kiattisak, \u00a9Yellow Boat, \u00a9Me studio, \u00a9guteksk7, \u00a9WrightStudio, \u00a9Parradee, \u00a9JOE LORENZ DESIGN, \u00a9Microgen, \u00a9Montri, \u00a9pixs:sell, \u00a9AREE, \u00a9chitsanupong, \u00a9CrazyCloud, \u00a9CandyRetriever, \u00a9cacaroot, \u00a9Maria, \u00a9by-studio, \u00a9whyframeshot, \u00a9REDPIXEL, \u00a9Oleksandr, \u00a9joyfotoliakid, \u00a9onephoto, \u00a9hafakot, \u00a9Vitaliy, \u00a9Dorin, \u00a9peterschreiber.media, \u00a9toppybaker, \u00a9New Saetiew, \u00a9Marzyk Ragsac Jr., \u00a9Pakin, \u00a9patpitchaya, \u00a9MyCreative<\/p>\n<p>The photos used on our website are protected by copyright and licensed for and\/or by Seiten-Werk GmbH &#038;amp Co. KG (partly also via stock.adobe.com). Please refer to the legal notes there for further details.<\/p>\n<h2>Dispute Resolution<\/h2>\n<p>The European Commission provides a platform for Online Dispute Resolution (OS):  <a href=\"https:\/\/ec.europa.eu\/consumers\/odr\" target=\"_blank\" rel=\"noopener noreferrer\">https:\/\/ec.europa.eu\/consumers\/odr<\/a>.<br \/>Our e-mail address can be found above in this legal notice.<\/p>\n<p>We are not willing or obliged to participate in dispute resolution proceedings before a consumer arbitration board.<\/p>\n<h3>Liability for Content<\/h3>\n<p>As a service provider, we are responsible for our own content on these pages in accordance with \u00a7 7 para. 1 DDG (German Digital Services Act) and general laws.<br \/>\nHowever, according to \u00a7\u00a7 8 to 10 DDG, we are not obligated to monitor transmitted or stored thirdparty information or to investigate circumstances that indicate illegal activity.\n<\/p>\n<p>Obligations to remove or block the use of information under general law remain unaffected. Liability in this respect is only possible from the time of knowledge of a specific legal violation. Upon becoming aware of such legal violations, we will remove this content immediately.<\/p>\n<h3>Liability for Links<\/h3>\n<p>Our website contains links to external thirdparty websites, over whose content we have no influence. Therefore, we cannot assume any liability for these external contents. The respective provider or operator of the sites is always responsible for the content of the linked pages. The linked pages were checked for possible legal violations at the time of linking. No unlawful content was identifiable at the time of linking.<\/p>\n<p>Permanent monitoring of the content of the linked pages, however, is not reasonable without specific indications of a violation of the law. If we become aware of legal violations, we will remove such links immediately.<\/p>\n<h3>Copyright<\/h3>\n<p>The content and works created by the site operators on these pages are subject to German copyright law.<br \/>\nReproduction, editing, distribution, and any kind of use outside the limits of copyright law require the written consent of the respective author or creator. Downloads and copies of this site are permitted only for private, non-commercial use.\n<\/p>\n<p>Insofar as the content on this site was not created by the operator, the copyrights of third parties are respected. In particular, third-party content is marked as such. Should you nevertheless become aware of a copyright infringement, please inform us accordingly. Upon becoming aware of legal violations, we will remove such content immediately.<\/p>\n<p><h3>Concept, programming, and implementation<\/h3>\n<p> Seiten-Werk GmbH <br \/>Tempowerkring 1c <br \/>21079 Hamburg<\/p>\n<p>E-Mail: <a href=\"mailto:dialog@seiten-werk.com\">dialog@seiten-werk.com<\/a> <br \/> Link: <a href=\"https:\/\/seiten-werk.com\/wordpress-wartung\" target=\"_blank\" rel=\"noopener noreferrer\">https:\/\/seiten-werk.com\/wordpress-wartung<\/a><\/p>\n<p>[\/et_pb_text][et_pb_image src=&#8221;https:\/\/ramsys.org\/wp-content\/uploads\/2022\/04\/erecht24-grau-impressum-klein.png&#8221; _builder_version=&#8221;4.17.0&#8243; vertical_offset_tablet=&#8221;0&#8243; horizontal_offset_tablet=&#8221;0&#8243; z_index_tablet=&#8221;0&#8243; box_shadow_horizontal_tablet=&#8221;0px&#8221; box_shadow_vertical_tablet=&#8221;0px&#8221; box_shadow_blur_tablet=&#8221;40px&#8221; box_shadow_spread_tablet=&#8221;0px&#8221; global_colors_info=&#8221;{}&#8221;][\/et_pb_image][\/et_pb_column][\/et_pb_row][\/et_pb_section]<\/p>\n","protected":false},"excerpt":{"rendered":"<p>Imprint\u00a0 Imprint (according to German law, \u00a7 5 DDG) RAMSYS GmbHHervester Stra\u00dfe 3646286 Dorsten, Germany Commercial Register Register Number: HRB 12110Register Court: Local Court of Gelsenkirchen Represented by:Malika Mast Contact: Phone: +49 (0) 2369 \/ 745 93 10Fax: +49 (0) 2369 \/ 745 93 99E-Mail: vertrieb@ramsys.org VAT ID: Value Added Tax Identification Number pursuant to [&hellip;]<\/p>\n","protected":false},"author":3,"featured_media":0,"parent":0,"menu_order":0,"comment_status":"closed","ping_status":"closed","template":"","meta":{"_et_pb_use_builder":"on","_et_pb_old_content":"[et_pb_section fb_built=\"1\" _builder_version=\"4.21.0\" _module_preset=\"default\" background_color=\"rgba(232,240,239,0.35)\" global_colors_info=\"{}\"][et_pb_row _builder_version=\"4.21.0\" _module_preset=\"default\" global_colors_info=\"{}\"][et_pb_column type=\"4_4\" _builder_version=\"4.21.0\" _module_preset=\"default\" global_colors_info=\"{}\"][et_pb_text module_class=\"common_htags mb10\" _builder_version=\"4.21.0\" _module_preset=\"default\" global_colors_info=\"{}\"]<h1>Impressum<\/h1>[\/et_pb_text][\/et_pb_column][\/et_pb_row][\/et_pb_section][et_pb_section fb_built=\"1\" module_class=\"pt0\" _builder_version=\"4.21.0\" global_colors_info=\"{}\"][et_pb_row _builder_version=\"4.16\" global_colors_info=\"{}\"][et_pb_column type=\"4_4\" _builder_version=\"4.16\" custom_padding=\"|||\" global_colors_info=\"{}\" custom_padding__hover=\"|||\"][et_pb_text module_class=\"fonts_20\" _builder_version=\"4.22.1\" text_line_height=\"1.6em\" header_font=\"|600|||||||\" header_2_font=\"|600|||||||\" header_2_font_size=\"21px\" vertical_offset_tablet=\"0\" horizontal_offset_tablet=\"0\" z_index_tablet=\"0\" text_text_shadow_horizontal_length_tablet=\"0px\" text_text_shadow_vertical_length_tablet=\"0px\" text_text_shadow_blur_strength_tablet=\"1px\" link_text_shadow_horizontal_length_tablet=\"0px\" link_text_shadow_vertical_length_tablet=\"0px\" link_text_shadow_blur_strength_tablet=\"1px\" ul_text_shadow_horizontal_length_tablet=\"0px\" ul_text_shadow_vertical_length_tablet=\"0px\" ul_text_shadow_blur_strength_tablet=\"1px\" ol_text_shadow_horizontal_length_tablet=\"0px\" ol_text_shadow_vertical_length_tablet=\"0px\" ol_text_shadow_blur_strength_tablet=\"1px\" quote_text_shadow_horizontal_length_tablet=\"0px\" quote_text_shadow_vertical_length_tablet=\"0px\" quote_text_shadow_blur_strength_tablet=\"1px\" header_text_shadow_horizontal_length_tablet=\"0px\" header_text_shadow_vertical_length_tablet=\"0px\" header_text_shadow_blur_strength_tablet=\"1px\" header_2_text_shadow_horizontal_length_tablet=\"0px\" header_2_text_shadow_vertical_length_tablet=\"0px\" header_2_text_shadow_blur_strength_tablet=\"1px\" header_3_text_shadow_horizontal_length_tablet=\"0px\" header_3_text_shadow_vertical_length_tablet=\"0px\" header_3_text_shadow_blur_strength_tablet=\"1px\" header_4_text_shadow_horizontal_length_tablet=\"0px\" header_4_text_shadow_vertical_length_tablet=\"0px\" header_4_text_shadow_blur_strength_tablet=\"1px\" header_5_text_shadow_horizontal_length_tablet=\"0px\" header_5_text_shadow_vertical_length_tablet=\"0px\" header_5_text_shadow_blur_strength_tablet=\"1px\" header_6_text_shadow_horizontal_length_tablet=\"0px\" header_6_text_shadow_vertical_length_tablet=\"0px\" header_6_text_shadow_blur_strength_tablet=\"1px\" box_shadow_horizontal_tablet=\"0px\" box_shadow_vertical_tablet=\"0px\" box_shadow_blur_tablet=\"40px\" box_shadow_spread_tablet=\"0px\" global_colors_info=\"{}\"]<h2>\u00a0<\/h2>\r\n<h2>Angaben gem\u00e4\u00df \u00a7 5 DDG<\/h2>\r\n<p>RAMSYS GmbH<br \/>Hervester Stra\u00dfe 36<br \/>46286 Dorsten<\/p>\r\n<p>Handelsregister: HRB 12110<br \/>Registergericht: Gelsenkirchen<\/p>\r\n<p><strong>Vertreten durch:<\/strong><br \/>Malika Mast<\/p>\r\n<h2>Kontakt<\/h2>\r\n<p>Telefon: +49 (0) 2369 \/ 745 93 10<br \/>Fax: +49 (0) 2369 \/ 745 93 99<br \/>E-Mail: vertrieb@ramsys.org<\/p>\r\n<h2>Umsatzsteuer-ID<\/h2>\r\n<p>Umsatzsteuer-Identifikationsnummer gem\u00e4\u00df \u00a7 27 a Umsatzsteuergesetz:<br \/>DE 138349283<\/p>\r\n<h2>Quellenangaben f\u00fcr die verwendeten Bilder und Grafiken:<\/h2>\r\n<p>https:\/\/stock.adobe.com\/<\/p>\r\n<p>\u00a9Ulrik Eichentopf, \u00a9Rolf Arno Specht, \u00a9doIT GmbH, \u00a9Kiattisak, \u00a9Yellow Boat, \u00a9Me studio, \u00a9guteksk7, \u00a9WrightStudio, \u00a9Parradee, \u00a9JOE LORENZ DESIGN, \u00a9Microgen, \u00a9Montri, \u00a9pixs:sell, \u00a9AREE, \u00a9chitsanupong, \u00a9CrazyCloud, \u00a9CandyRetriever, \u00a9cacaroot, \u00a9Maria, \u00a9by-studio, \u00a9whyframeshot, \u00a9REDPIXEL, \u00a9Oleksandr, \u00a9joyfotoliakid, \u00a9onephoto, \u00a9hafakot, \u00a9Vitaliy, \u00a9Dorin, \u00a9peterschreiber.media, \u00a9toppybaker, \u00a9New Saetiew, \u00a9Marzyk Ragsac Jr., \u00a9Pakin, \u00a9patpitchaya, \u00a9MyCreative<\/p>\r\n<p>Die auf unserer Webseite verwendeten Fotos sind urheberrechtlich gesch\u00fctzt und f\u00fcr bzw. durch die Seiten-Werk GmbH & Co. KG lizensiert (erg\u00e4nzend auch \u00fcber stock.adobe.com). Siehe die dortigen Hinweise zur rechtlichen Situation.<\/p>\r\n<h2>Streitschlichtung<\/h2>\r\n<p>Die Europ\u00e4ische Kommission stellt eine Plattform zur Online-Streitbeilegung (OS) bereit:\u00a0<a href=\"https:\/\/ec.europa.eu\/consumers\/odr\" target=\"_blank\" rel=\"noopener noreferrer\">https:\/\/ec.europa.eu\/consumers\/odr<\/a>.<br \/>Unsere E-Mail-Adresse finden Sie oben im Impressum.<\/p>\r\n<p>Wir sind nicht bereit oder verpflichtet, an Streitbeilegungsverfahren vor einer Verbraucherschlichtungsstelle teilzunehmen.<\/p>\r\n<h3>Haftung f\u00fcr Inhalte<\/h3>\r\n<p>Als Diensteanbieter sind wir gem\u00e4\u00df \u00a7 7 Abs.1 DDG f\u00fcr eigene Inhalte auf diesen Seiten nach den allgemeinen Gesetzen verantwortlich. Nach \u00a7\u00a7 8 bis 10 DDG sind wir als Diensteanbieter jedoch nicht verpflichtet, \u00fcbermittelte oder gespeicherte fremde Informationen zu \u00fcberwachen oder nach Umst\u00e4nden zu forschen, die auf eine rechtswidrige T\u00e4tigkeit hinweisen.<\/p>\r\n<p>Verpflichtungen zur Entfernung oder Sperrung der Nutzung von Informationen nach den allgemeinen Gesetzen bleiben hiervon unber\u00fchrt. Eine diesbez\u00fcgliche Haftung ist jedoch erst ab dem Zeitpunkt der Kenntnis einer konkreten Rechtsverletzung m\u00f6glich. Bei Bekanntwerden von entsprechenden Rechtsverletzungen werden wir diese Inhalte umgehend entfernen.<\/p>\r\n<h3>Haftung f\u00fcr Links<\/h3>\r\n<p>Unser Angebot enth\u00e4lt Links zu externen Websites Dritter, auf deren Inhalte wir keinen Einfluss haben. Deshalb k\u00f6nnen wir f\u00fcr diese fremden Inhalte auch keine Gew\u00e4hr \u00fcbernehmen. F\u00fcr die Inhalte der verlinkten Seiten ist stets der jeweilige Anbieter oder Betreiber der Seiten verantwortlich. Die verlinkten Seiten wurden zum Zeitpunkt der Verlinkung auf m\u00f6gliche Rechtsverst\u00f6\u00dfe \u00fcberpr\u00fcft. Rechtswidrige Inhalte waren zum Zeitpunkt der Verlinkung nicht erkennbar.<\/p>\r\n<p>Eine permanente inhaltliche Kontrolle der verlinkten Seiten ist jedoch ohne konkrete Anhaltspunkte einer Rechtsverletzung nicht zumutbar. Bei Bekanntwerden von Rechtsverletzungen werden wir derartige Links umgehend entfernen.<\/p>\r\n<h3>Urheberrecht<\/h3>\r\n<p>Die durch die Seitenbetreiber erstellten Inhalte und Werke auf diesen Seiten unterliegen dem deutschen Urheberrecht. Die Vervielf\u00e4ltigung, Bearbeitung, Verbreitung und jede Art der Verwertung au\u00dferhalb der Grenzen des Urheberrechtes bed\u00fcrfen der schriftlichen Zustimmung des jeweiligen Autors bzw. Erstellers. Downloads und Kopien dieser Seite sind nur f\u00fcr den privaten, nicht kommerziellen Gebrauch gestattet.<\/p>\r\n<p>Soweit die Inhalte auf dieser Seite nicht vom Betreiber erstellt wurden, werden die Urheberrechte Dritter beachtet. Insbesondere werden Inhalte Dritter als solche gekennzeichnet. Sollten Sie trotzdem auf eine Urheberrechtsverletzung aufmerksam werden, bitten wir um einen entsprechenden Hinweis. Bei Bekanntwerden von Rechtsverletzungen werden wir derartige Inhalte umgehend entfernen.<\/p>[\/et_pb_text][et_pb_image src=\"https:\/\/ramsys.org\/wp-content\/uploads\/2022\/04\/erecht24-grau-impressum-klein.png\" _builder_version=\"4.17.0\" vertical_offset_tablet=\"0\" horizontal_offset_tablet=\"0\" z_index_tablet=\"0\" box_shadow_horizontal_tablet=\"0px\" box_shadow_vertical_tablet=\"0px\" box_shadow_blur_tablet=\"40px\" box_shadow_spread_tablet=\"0px\" global_colors_info=\"{}\"][\/et_pb_image][\/et_pb_column][\/et_pb_row][\/et_pb_section]","_et_gb_content_width":"","footnotes":""},"class_list":["post-58334","page","type-page","status-publish","hentry"],"yoast_head":"<!-- This site is optimized with the Yoast SEO plugin v27.5 - https:\/\/yoast.com\/product\/yoast-seo-wordpress\/ -->\n<title>Imprint - RAMSYS<\/title>\n<meta name=\"description\" content=\"Information pursuant to Section 5 of the German Telemedia Act (TMG) \u2013 RAMSYS GmbH \u2013 Hervester Stra\u00dfe 36 \u2013 46286 Dorsten, Germany\" \/>\n<meta name=\"robots\" content=\"index, follow, max-snippet:-1, max-image-preview:large, max-video-preview:-1\" \/>\n<link rel=\"canonical\" href=\"https:\/\/ramsys.org\/en\/imprint\/\" \/>\n<meta property=\"og:locale\" content=\"en_US\" \/>\n<meta property=\"og:type\" content=\"article\" \/>\n<meta property=\"og:title\" content=\"Imprint - RAMSYS\" \/>\n<meta property=\"og:description\" content=\"Information pursuant to Section 5 of the German Telemedia Act (TMG) \u2013 RAMSYS GmbH \u2013 Hervester Stra\u00dfe 36 \u2013 46286 Dorsten, Germany\" \/>\n<meta property=\"og:url\" content=\"https:\/\/ramsys.org\/en\/imprint\/\" \/>\n<meta property=\"og:site_name\" content=\"RAMSYS\" \/>\n<meta property=\"article:publisher\" content=\"https:\/\/www.facebook.com\/ramsysGmbH\" \/>\n<meta property=\"article:modified_time\" content=\"2025-11-28T06:29:24+00:00\" \/>\n<meta name=\"twitter:card\" content=\"summary_large_image\" \/>\n<meta name=\"twitter:label1\" content=\"Est. reading time\" \/>\n\t<meta name=\"twitter:data1\" content=\"3 minutes\" \/>\n<script type=\"application\/ld+json\" class=\"yoast-schema-graph\">{\"@context\":\"https:\\\/\\\/schema.org\",\"@graph\":[{\"@type\":\"WebPage\",\"@id\":\"https:\\\/\\\/ramsys.org\\\/en\\\/imprint\\\/\",\"url\":\"https:\\\/\\\/ramsys.org\\\/en\\\/imprint\\\/\",\"name\":\"Imprint - RAMSYS\",\"isPartOf\":{\"@id\":\"https:\\\/\\\/ramsys.org\\\/#website\"},\"datePublished\":\"2025-09-03T09:03:38+00:00\",\"dateModified\":\"2025-11-28T06:29:24+00:00\",\"description\":\"Information pursuant to Section 5 of the German Telemedia Act (TMG) \u2013 RAMSYS GmbH \u2013 Hervester Stra\u00dfe 36 \u2013 46286 Dorsten, Germany\",\"breadcrumb\":{\"@id\":\"https:\\\/\\\/ramsys.org\\\/en\\\/imprint\\\/#breadcrumb\"},\"inLanguage\":\"en-US\",\"potentialAction\":[{\"@type\":\"ReadAction\",\"target\":[\"https:\\\/\\\/ramsys.org\\\/en\\\/imprint\\\/\"]}]},{\"@type\":\"BreadcrumbList\",\"@id\":\"https:\\\/\\\/ramsys.org\\\/en\\\/imprint\\\/#breadcrumb\",\"itemListElement\":[{\"@type\":\"ListItem\",\"position\":1,\"name\":\"Startseite\",\"item\":\"https:\\\/\\\/ramsys.org\\\/en\\\/\"},{\"@type\":\"ListItem\",\"position\":2,\"name\":\"Imprint\"}]},{\"@type\":\"WebSite\",\"@id\":\"https:\\\/\\\/ramsys.org\\\/#website\",\"url\":\"https:\\\/\\\/ramsys.org\\\/\",\"name\":\"RAMSYS\",\"description\":\"DAS machen Ingenieure\",\"publisher\":{\"@id\":\"https:\\\/\\\/ramsys.org\\\/#organization\"},\"alternateName\":\"RAMSYS GmbH\",\"potentialAction\":[{\"@type\":\"SearchAction\",\"target\":{\"@type\":\"EntryPoint\",\"urlTemplate\":\"https:\\\/\\\/ramsys.org\\\/?s={search_term_string}\"},\"query-input\":{\"@type\":\"PropertyValueSpecification\",\"valueRequired\":true,\"valueName\":\"search_term_string\"}}],\"inLanguage\":\"en-US\"},{\"@type\":\"Organization\",\"@id\":\"https:\\\/\\\/ramsys.org\\\/#organization\",\"name\":\"RAMSYS - DAS machen Ingenieure\",\"url\":\"https:\\\/\\\/ramsys.org\\\/\",\"logo\":{\"@type\":\"ImageObject\",\"inLanguage\":\"en-US\",\"@id\":\"https:\\\/\\\/ramsys.org\\\/#\\\/schema\\\/logo\\\/image\\\/\",\"url\":\"https:\\\/\\\/ramsys.org\\\/wp-content\\\/uploads\\\/2023\\\/05\\\/Pylon_RAMSYS-2.png\",\"contentUrl\":\"https:\\\/\\\/ramsys.org\\\/wp-content\\\/uploads\\\/2023\\\/05\\\/Pylon_RAMSYS-2.png\",\"width\":188,\"height\":75,\"caption\":\"RAMSYS - DAS machen Ingenieure\"},\"image\":{\"@id\":\"https:\\\/\\\/ramsys.org\\\/#\\\/schema\\\/logo\\\/image\\\/\"},\"sameAs\":[\"https:\\\/\\\/www.facebook.com\\\/ramsysGmbH\",\"https:\\\/\\\/www.instagram.com\\\/ramsys.gmbh\\\/\",\"https:\\\/\\\/www.youtube.com\\\/channel\\\/UCZxVnyYAPeyPY55_Pkn7MGg\",\"https:\\\/\\\/www.xing.com\\\/pages\\\/ramsysgmbh\",\"https:\\\/\\\/www.linkedin.com\\\/company\\\/ramsys-gmbh\"]}]}<\/script>\n<!-- \/ Yoast SEO plugin. -->","yoast_head_json":{"title":"Imprint - RAMSYS","description":"Information pursuant to Section 5 of the German Telemedia Act (TMG) \u2013 RAMSYS GmbH \u2013 Hervester Stra\u00dfe 36 \u2013 46286 Dorsten, Germany","robots":{"index":"index","follow":"follow","max-snippet":"max-snippet:-1","max-image-preview":"max-image-preview:large","max-video-preview":"max-video-preview:-1"},"canonical":"https:\/\/ramsys.org\/en\/imprint\/","og_locale":"en_US","og_type":"article","og_title":"Imprint - RAMSYS","og_description":"Information pursuant to Section 5 of the German Telemedia Act (TMG) \u2013 RAMSYS GmbH \u2013 Hervester Stra\u00dfe 36 \u2013 46286 Dorsten, Germany","og_url":"https:\/\/ramsys.org\/en\/imprint\/","og_site_name":"RAMSYS","article_publisher":"https:\/\/www.facebook.com\/ramsysGmbH","article_modified_time":"2025-11-28T06:29:24+00:00","twitter_card":"summary_large_image","twitter_misc":{"Est. reading time":"3 minutes"},"schema":{"@context":"https:\/\/schema.org","@graph":[{"@type":"WebPage","@id":"https:\/\/ramsys.org\/en\/imprint\/","url":"https:\/\/ramsys.org\/en\/imprint\/","name":"Imprint - RAMSYS","isPartOf":{"@id":"https:\/\/ramsys.org\/#website"},"datePublished":"2025-09-03T09:03:38+00:00","dateModified":"2025-11-28T06:29:24+00:00","description":"Information pursuant to Section 5 of the German Telemedia Act (TMG) \u2013 RAMSYS GmbH \u2013 Hervester Stra\u00dfe 36 \u2013 46286 Dorsten, Germany","breadcrumb":{"@id":"https:\/\/ramsys.org\/en\/imprint\/#breadcrumb"},"inLanguage":"en-US","potentialAction":[{"@type":"ReadAction","target":["https:\/\/ramsys.org\/en\/imprint\/"]}]},{"@type":"BreadcrumbList","@id":"https:\/\/ramsys.org\/en\/imprint\/#breadcrumb","itemListElement":[{"@type":"ListItem","position":1,"name":"Startseite","item":"https:\/\/ramsys.org\/en\/"},{"@type":"ListItem","position":2,"name":"Imprint"}]},{"@type":"WebSite","@id":"https:\/\/ramsys.org\/#website","url":"https:\/\/ramsys.org\/","name":"RAMSYS","description":"DAS machen Ingenieure","publisher":{"@id":"https:\/\/ramsys.org\/#organization"},"alternateName":"RAMSYS GmbH","potentialAction":[{"@type":"SearchAction","target":{"@type":"EntryPoint","urlTemplate":"https:\/\/ramsys.org\/?s={search_term_string}"},"query-input":{"@type":"PropertyValueSpecification","valueRequired":true,"valueName":"search_term_string"}}],"inLanguage":"en-US"},{"@type":"Organization","@id":"https:\/\/ramsys.org\/#organization","name":"RAMSYS - DAS machen Ingenieure","url":"https:\/\/ramsys.org\/","logo":{"@type":"ImageObject","inLanguage":"en-US","@id":"https:\/\/ramsys.org\/#\/schema\/logo\/image\/","url":"https:\/\/ramsys.org\/wp-content\/uploads\/2023\/05\/Pylon_RAMSYS-2.png","contentUrl":"https:\/\/ramsys.org\/wp-content\/uploads\/2023\/05\/Pylon_RAMSYS-2.png","width":188,"height":75,"caption":"RAMSYS - DAS machen Ingenieure"},"image":{"@id":"https:\/\/ramsys.org\/#\/schema\/logo\/image\/"},"sameAs":["https:\/\/www.facebook.com\/ramsysGmbH","https:\/\/www.instagram.com\/ramsys.gmbh\/","https:\/\/www.youtube.com\/channel\/UCZxVnyYAPeyPY55_Pkn7MGg","https:\/\/www.xing.com\/pages\/ramsysgmbh","https:\/\/www.linkedin.com\/company\/ramsys-gmbh"]}]}},"_links":{"self":[{"href":"https:\/\/ramsys.org\/en\/wp-json\/wp\/v2\/pages\/58334","targetHints":{"allow":["GET"]}}],"collection":[{"href":"https:\/\/ramsys.org\/en\/wp-json\/wp\/v2\/pages"}],"about":[{"href":"https:\/\/ramsys.org\/en\/wp-json\/wp\/v2\/types\/page"}],"author":[{"embeddable":true,"href":"https:\/\/ramsys.org\/en\/wp-json\/wp\/v2\/users\/3"}],"replies":[{"embeddable":true,"href":"https:\/\/ramsys.org\/en\/wp-json\/wp\/v2\/comments?post=58334"}],"version-history":[{"count":0,"href":"https:\/\/ramsys.org\/en\/wp-json\/wp\/v2\/pages\/58334\/revisions"}],"wp:attachment":[{"href":"https:\/\/ramsys.org\/en\/wp-json\/wp\/v2\/media?parent=58334"}],"curies":[{"name":"wp","href":"https:\/\/api.w.org\/{rel}","templated":true}]}}